{"id":348,"date":"2025-05-13T22:04:11","date_gmt":"2025-05-13T20:04:11","guid":{"rendered":"https:\/\/www.dazzling-lady.com\/?post_type=product&#038;p=348"},"modified":"2025-05-13T22:10:51","modified_gmt":"2025-05-13T20:10:51","slug":"closure-lace-frontal-13x4","status":"publish","type":"product","link":"https:\/\/www.dazzling-lady.com\/?product=closure-lace-frontal-13x4","title":{"rendered":"Closure Lace Frontal 13&#215;4"},"content":{"rendered":"<p>TYLE : Wave<\/p>\n<p>TAILLE : 16 \u00e0 20 pouces<\/p>\n<p>ORIGINE : 100% CHEVEUX HUMAIN INDIEN<\/p>\n<p>DUR\u00c9E DE VIE : 5 ANS MINIMUM<\/p>\n<p>TEST: Les cheveux peuvent \u00eatre boucl\u00e9s ou color\u00e9s.<\/p>\n<p>*Nos extensions sont des Raw Hair, de v\u00e9ritables cheveux humains, elles n\u00e9cessitent donc les m\u00eames soins que vos propres cheveux.<\/p>\n","protected":false},"excerpt":{"rendered":"<p>TYLE : Wave TAILLE : 16 \u00e0 20 pouces ORIGINE : 100% CHEVEUX HUMAIN INDIEN DUR\u00c9E DE VIE : 5 ANS MINIMUM TEST: Les cheveux peuvent \u00eatre boucl\u00e9s ou color\u00e9s. *Nos extensions sont des Raw Hair, de v\u00e9ritables cheveux humains, elles n\u00e9cessitent donc les m\u00eames soins que vos propres cheveux.<\/p>\n","protected":false},"featured_media":322,"comment_status":"open","ping_status":"closed","template":"","meta":{"_kadence_starter_templates_imported_post":false,"_kad_post_transparent":"default","_kad_post_title":"","_kad_post_layout":"default","_kad_post_sidebar_id":"","_kad_post_content_style":"default","_kad_post_vertical_padding":"default","_kad_post_feature":"","_kad_post_feature_position":"","_kad_post_header":false,"_kad_post_footer":false},"product_brand":[],"product_cat":[19],"product_tag":[],"class_list":{"0":"post-348","1":"product","2":"type-product","3":"status-publish","4":"has-post-thumbnail","6":"product_cat-tissages","8":"first","9":"instock","10":"shipping-taxable","11":"purchasable","12":"product-type-variable","13":"add-to-wishlist-before_image","14":"entry","15":"content-bg","16":"loop-entry"},"jetpack_sharing_enabled":true,"_links":{"self":[{"href":"https:\/\/www.dazzling-lady.com\/index.php?rest_route=\/wp\/v2\/product\/348","targetHints":{"allow":["GET"]}}],"collection":[{"href":"https:\/\/www.dazzling-lady.com\/index.php?rest_route=\/wp\/v2\/product"}],"about":[{"href":"https:\/\/www.dazzling-lady.com\/index.php?rest_route=\/wp\/v2\/types\/product"}],"replies":[{"embeddable":true,"href":"https:\/\/www.dazzling-lady.com\/index.php?rest_route=%2Fwp%2Fv2%2Fcomments&post=348"}],"wp:featuredmedia":[{"embeddable":true,"href":"https:\/\/www.dazzling-lady.com\/index.php?rest_route=\/wp\/v2\/media\/322"}],"wp:attachment":[{"href":"https:\/\/www.dazzling-lady.com\/index.php?rest_route=%2Fwp%2Fv2%2Fmedia&parent=348"}],"wp:term":[{"taxonomy":"product_brand","embeddable":true,"href":"https:\/\/www.dazzling-lady.com\/index.php?rest_route=%2Fwp%2Fv2%2Fproduct_brand&post=348"},{"taxonomy":"product_cat","embeddable":true,"href":"https:\/\/www.dazzling-lady.com\/index.php?rest_route=%2Fwp%2Fv2%2Fproduct_cat&post=348"},{"taxonomy":"product_tag","embeddable":true,"href":"https:\/\/www.dazzling-lady.com\/index.php?rest_route=%2Fwp%2Fv2%2Fproduct_tag&post=348"}],"curies":[{"name":"wp","href":"https:\/\/api.w.org\/{rel}","templated":true}]}}