{"id":196,"date":"2025-05-12T22:12:11","date_gmt":"2025-05-12T20:12:11","guid":{"rendered":"https:\/\/www.dazzling-lady.com\/?post_type=product&#038;p=196"},"modified":"2025-05-12T22:37:53","modified_gmt":"2025-05-12T20:37:53","slug":"perruque-100-raw-hair-indiens-avec-lace-frontal-mamy-wave","status":"publish","type":"product","link":"https:\/\/www.dazzling-lady.com\/?product=perruque-100-raw-hair-indiens-avec-lace-frontal-mamy-wave","title":{"rendered":"Perruque 100% Raw Hair Indiens avec lace Frontal \u00a0\u00bb\u00a0MAMY\u00a0Wave\u00a0\u00a0\u00bb 16 POUCES"},"content":{"rendered":"<p>BONNET : Lace Frontal 13&#215;4<\/p>\n<p>LONGUEUR : 16&Prime; Pouces<\/p>\n<p>STYLE : WAVE \/ BOUCLE NATURELLE<\/p>\n<p>ORIGINE : 100% CHEVEUX HUMAIN INDIEN<\/p>\n<p>DUR\u00c9E DE VIE : 5 ANS MINIMUM<\/p>\n<p>S\u00c9CURIT\u00c9 : bande r\u00e9glable \u00e0 l&rsquo;arri\u00e8re<\/p>\n<p>TEST: Les cheveux se bouclent naturellement \u00e0 l\u2019eau. Ils peuvent \u00eatre color\u00e9s ou liss\u00e9s.<\/p>\n<p>*Nos extensions sont des Raw Hair, de v\u00e9ritables cheveux humains, elles n\u00e9cessitent donc les m\u00eames soins que vos propres cheveux.<\/p>\n","protected":false},"excerpt":{"rendered":"<p>BONNET : Lace Frontal 13&#215;4 LONGUEUR : 16&Prime; Pouces STYLE : WAVE \/ BOUCLE NATURELLE ORIGINE : 100% CHEVEUX HUMAIN INDIEN DUR\u00c9E DE VIE : 5 ANS MINIMUM S\u00c9CURIT\u00c9 : bande r\u00e9glable \u00e0 l&rsquo;arri\u00e8re TEST: Les cheveux se bouclent naturellement \u00e0 l\u2019eau. Ils peuvent \u00eatre color\u00e9s ou liss\u00e9s. *Nos extensions sont des Raw Hair, de&#8230;<\/p>\n","protected":false},"featured_media":158,"comment_status":"open","ping_status":"closed","template":"","meta":{"_kadence_starter_templates_imported_post":false,"_kad_post_transparent":"default","_kad_post_title":"","_kad_post_layout":"default","_kad_post_sidebar_id":"","_kad_post_content_style":"default","_kad_post_vertical_padding":"default","_kad_post_feature":"","_kad_post_feature_position":"","_kad_post_header":false,"_kad_post_footer":false},"product_brand":[],"product_cat":[18],"product_tag":[],"class_list":{"0":"post-196","1":"product","2":"type-product","3":"status-publish","4":"has-post-thumbnail","6":"product_cat-perruques","8":"first","9":"instock","10":"shipping-taxable","11":"purchasable","12":"product-type-simple","13":"add-to-wishlist-before_image","14":"entry","15":"content-bg","16":"loop-entry"},"jetpack_sharing_enabled":true,"_links":{"self":[{"href":"https:\/\/www.dazzling-lady.com\/index.php?rest_route=\/wp\/v2\/product\/196","targetHints":{"allow":["GET"]}}],"collection":[{"href":"https:\/\/www.dazzling-lady.com\/index.php?rest_route=\/wp\/v2\/product"}],"about":[{"href":"https:\/\/www.dazzling-lady.com\/index.php?rest_route=\/wp\/v2\/types\/product"}],"replies":[{"embeddable":true,"href":"https:\/\/www.dazzling-lady.com\/index.php?rest_route=%2Fwp%2Fv2%2Fcomments&post=196"}],"wp:featuredmedia":[{"embeddable":true,"href":"https:\/\/www.dazzling-lady.com\/index.php?rest_route=\/wp\/v2\/media\/158"}],"wp:attachment":[{"href":"https:\/\/www.dazzling-lady.com\/index.php?rest_route=%2Fwp%2Fv2%2Fmedia&parent=196"}],"wp:term":[{"taxonomy":"product_brand","embeddable":true,"href":"https:\/\/www.dazzling-lady.com\/index.php?rest_route=%2Fwp%2Fv2%2Fproduct_brand&post=196"},{"taxonomy":"product_cat","embeddable":true,"href":"https:\/\/www.dazzling-lady.com\/index.php?rest_route=%2Fwp%2Fv2%2Fproduct_cat&post=196"},{"taxonomy":"product_tag","embeddable":true,"href":"https:\/\/www.dazzling-lady.com\/index.php?rest_route=%2Fwp%2Fv2%2Fproduct_tag&post=196"}],"curies":[{"name":"wp","href":"https:\/\/api.w.org\/{rel}","templated":true}]}}